{"id":21,"date":"2024-07-01T23:26:39","date_gmt":"2024-07-01T21:26:39","guid":{"rendered":"https:\/\/jesusredentor.es\/?page_id=21"},"modified":"2026-01-18T20:27:37","modified_gmt":"2026-01-18T19:27:37","slug":"historia","status":"publish","type":"page","link":"https:\/\/jesusredentor.es\/?page_id=21","title":{"rendered":"Historia"},"content":{"rendered":"\r\n<p style=\"text-align: left;\">A finales de los a\u00f1o 1950 y principio de los a\u00f1os 1960 se origino en Ponferrada un gran aumento de la poblaci\u00f3n, originado por la miner\u00eda y la construcci\u00f3n del pantano de Barcena. Las parroquias actuales no pod\u00edan acoger a tantos fieles como consecuencia se solicita la nueva Iglesia.<\/p>\r\n\r\n\r\n\r\n<p style=\"text-align: left;\">Con fecha de 5 de marzo de 1964 en la ciudad de Astorga, vistas y examinadas todas las deligencias para la divisi\u00f3n de la parroquia de Santiago Ap\u00f3stol\u00a0 de Flores del Sil .Se dispone ya de un solar suficiente para la construcci\u00f3n de la nueva Iglesia. Esta nueva parroquia ser\u00e1 de concurso como las dem\u00e1s del Obispado .Venimos a exigir y establecer una nueva parroquia en Ponferrada bajo la advocaci\u00f3n de Jes\u00fas Redentor que ser\u00e1 asimismo el titular con la categor\u00eda de Termino. Se\u00f1alando la demarcaci\u00f3n siguiente al Norte Cuatro Vientos y Fuentesnuevas , al Este con la actual parroquia de Santiago Ap\u00f3stol, siguiendo en conformidad con el plano urban\u00edstico del Municipio de Ponferrada, la l\u00ednea se\u00f1alada por las calles F12 y F8, esta \u00faltima hasta su cruce con la Calle Fabero,\u00a0 Calle Fabero hasta su cruce con la calle Fern\u00e1ndez,\u00a0 prolongaci\u00f3n de esta l\u00ednea por la Calle Fern\u00e1ndez hasta la Carretera de Orense, continuando esta l\u00ednea en perpendicular hasta el R\u00edo Sil, que parte del final de la Calle Fern\u00e1ndez en la Carretera de Orense y por el lindero oeste de la Finca Domingo Voces y herederos con final en dicho R\u00edo y al Oeste con las parroquias de Dehesas y Fuentesnuevas .As\u00ed lo acord\u00f3 y firma Excia Rvdma. de que certifico .<\/p>\r\n\r\n\r\n\r\n<p style=\"text-align: left;\">+Marcelo Obispo Astorga.<\/p>\r\n\r\n\r\n\r\n<p style=\"text-align: left;\"><strong>Nombramiento:<\/strong><\/p>\r\n\r\n\r\n\r\n<p style=\"text-align: left;\">Con fecha 8 de octubre del 1964 reunidos en la capilla del seminario de Astorga con el Ilmo Vicar\u00edo General del Obispado Don Juan N\u00edstal en este acto fue entregado el titulo de p\u00e1rroco al Rvdmo\u00a0 Julio Bueno P\u00e9rez.<\/p>\r\n\r\n<p style=\"text-align: left;\">\u00a0<\/p>","protected":false},"excerpt":{"rendered":"<p>A finales de los a\u00f1o 1950 y principio de los a\u00f1os 1960 se origino en Ponferrada un gran aumento de la poblaci\u00f3n, originado por la miner\u00eda y la construcci\u00f3n del pantano de Barcena. Las parroquias actuales no pod\u00edan acoger a tantos fieles como consecuencia se solicita la nueva Iglesia. Con fecha de 5 de marzo &#8230; <a title=\"Historia\" class=\"read-more\" href=\"https:\/\/jesusredentor.es\/?page_id=21\">Read more<\/a><\/p>\n","protected":false},"author":1,"featured_media":0,"parent":0,"menu_order":0,"comment_status":"closed","ping_status":"closed","template":"","meta":{"footnotes":""},"class_list":["post-21","page","type-page","status-publish"],"_links":{"self":[{"href":"https:\/\/jesusredentor.es\/index.php?rest_route=\/wp\/v2\/pages\/21","targetHints":{"allow":["GET"]}}],"collection":[{"href":"https:\/\/jesusredentor.es\/index.php?rest_route=\/wp\/v2\/pages"}],"about":[{"href":"https:\/\/jesusredentor.es\/index.php?rest_route=\/wp\/v2\/types\/page"}],"author":[{"embeddable":true,"href":"https:\/\/jesusredentor.es\/index.php?rest_route=\/wp\/v2\/users\/1"}],"replies":[{"embeddable":true,"href":"https:\/\/jesusredentor.es\/index.php?rest_route=%2Fwp%2Fv2%2Fcomments&post=21"}],"version-history":[{"count":7,"href":"https:\/\/jesusredentor.es\/index.php?rest_route=\/wp\/v2\/pages\/21\/revisions"}],"predecessor-version":[{"id":395,"href":"https:\/\/jesusredentor.es\/index.php?rest_route=\/wp\/v2\/pages\/21\/revisions\/395"}],"wp:attachment":[{"href":"https:\/\/jesusredentor.es\/index.php?rest_route=%2Fwp%2Fv2%2Fmedia&parent=21"}],"curies":[{"name":"wp","href":"https:\/\/api.w.org\/{rel}","templated":true}]}}