{"id":25,"date":"2024-07-01T23:26:39","date_gmt":"2024-07-01T21:26:39","guid":{"rendered":"https:\/\/jesusredentor.es\/?page_id=25"},"modified":"2025-03-23T21:58:01","modified_gmt":"2025-03-23T20:58:01","slug":"capilla","status":"publish","type":"page","link":"https:\/\/jesusredentor.es\/?page_id=25","title":{"rendered":"Capilla"},"content":{"rendered":"\r\n<p><strong>Datos de la Capilla:<\/strong><\/p>\r\n\r\n\r\n\r\n<p>El Solar en el que se edifico la Iglesia fue donado por un Vecino de Toral de Merayo , en los a\u00f1o 40, Fray Antonio Pacios.<\/p>\r\n\r\n\r\n\r\n<p>La Construcci\u00f3n de la Capilla se inicio en 1955 y trabajaron en ella todos los vecinos del Barrio con la ayuda de dos alba\u00f1iles, Teodoro y Ovidio.<\/p>\r\n\r\n\r\n\r\n<p>Su Construcci\u00f3n se prolongo por dos a\u00f1os.<\/p>\r\n\r\n\r\n\r\n<p>En los primeros a\u00f1os la fiesta se celebraba en honor a San Dionisio, para pasar despu\u00e9s a celebrarse la Virgen de la Estrella con la llegada de vecinos andaluces, que hoy d\u00eda se encuentra en la parroquia de Flores del Sil, Santiago Ap\u00f3stol\u00a0 de la que dependi\u00f3 en sus inicios.<\/p>\r\n\r\n\r\n\r\n<p>El primer p\u00e1rroco que comenz\u00f3 a oficiar en la capilla fue el Padre Lamamel de San Ignacio y ayudado en las tareas de Cataqu\u00e9sis\u00a0 por las monjas de Flores del Sil.<\/p>\r\n\r\n\r\n\r\n<p>Posteriormente los p\u00e1rrocos fueron Francisco y Fernando que depend\u00edan de la parroquia de Santiago Ap\u00f3stol. En los a\u00f1o 60 la fiesta del barrio se dedico a la Patrona Nuestra Se\u00f1ora del Carmen el d\u00eda 16 de Julio hasta la fecha.<\/p>\r\n\r\n\r\n<div class=\"wp-block-image\">\r\n<figure class=\"alignright\"><img decoding=\"async\" class=\"wp-image-145\" src=\"https:\/\/jesusredentor.es\/wp-content\/uploads\/2021\/03\/IMG-20200202-WA0005-300x200.jpg\" alt=\"\" \/><\/figure>\r\n<\/div>\r\n\r\n\r\n<p>En el a\u00f1o 1964 el p\u00e1rroco oficial paso a ser el RVDO.D.Julio Bueno P\u00e9rez, hasta su jubilaci\u00f3n en 1997 , pasando a ser el nuevo p\u00e1rroco D. Jos\u00e9 Antonio Prada Carbajo hasta la fecha.<\/p>\r\n\r\n\r\n\r\n<p>El Templo es de nave \u00fanica con siete tramos separados por pilastras. En el interior es muy austera la decoraci\u00f3n. La cabecera del Templo es plana , a ambos lados se abren dos puertas que dan acceso a la sacrist\u00eda.<\/p>\r\n\r\n\r\n\r\n<p>En el Altar Mayor se encuentra la Imagen de la Virgen del Carmen , y ambos lados el Sagrario, es una caja de metal dorado y plateado,\u00a0 donado por las alumnas del Colegio de las MM Concepcionistas en el a\u00f1o 1964\u00a0 , y el Cristo de la Redenci\u00f3n obra de Antonio Carrera .<\/p>\r\n\r\n\r\n\r\n<p>Sobre una peana lisa esta la imagen del Sagrado Coraz\u00f3n de Jes\u00fas que fue donada por Rodolfo Lindoso y un Jes\u00fas Nazareno de peque\u00f1o tama\u00f1o.<\/p>\r\n\r\n\r\n\r\n<p>La pila bautismal y algunos bancos se trajeron de la Iglesia de San Pedro antigua cuando se demoli\u00f3.<\/p>\r\n\r\n\r\n<div class=\"wp-block-image\">\r\n<figure class=\"alignleft\"><img decoding=\"async\" class=\"wp-image-103\" src=\"https:\/\/jesusredentor.es\/wp-content\/uploads\/2021\/03\/oie_DscetEdNuFEc-8-300x300.jpg\" alt=\"\" \/><\/figure>\r\n<\/div>\r\n\r\n<div class=\"wp-block-image\">\r\n<figure class=\"aligncenter\"><img decoding=\"async\" class=\"wp-image-216\" src=\"https:\/\/jesusredentor.es\/wp-content\/uploads\/2021\/03\/IMG_20210314_093446-225x300.jpg\" alt=\"\" \/><\/figure>\r\n<\/div>\r\n<p><img loading=\"lazy\" decoding=\"async\" class=\"alignnone  wp-image-296\" src=\"http:\/\/jesusredentor.es\/wp-content\/uploads\/2025\/03\/IMG_20210314_093446.jpg\" alt=\"\" width=\"841\" height=\"1121\" \/><\/p>","protected":false},"excerpt":{"rendered":"<p>Datos de la Capilla: El Solar en el que se edifico la Iglesia fue donado por un Vecino de Toral de Merayo , en los a\u00f1o 40, Fray Antonio Pacios. La Construcci\u00f3n de la Capilla se inicio en 1955 y trabajaron en ella todos los vecinos del Barrio con la ayuda de dos alba\u00f1iles, Teodoro &#8230; <a title=\"Capilla\" class=\"read-more\" href=\"https:\/\/jesusredentor.es\/?page_id=25\">Read more<\/a><\/p>\n","protected":false},"author":1,"featured_media":0,"parent":0,"menu_order":0,"comment_status":"closed","ping_status":"closed","template":"","meta":{"footnotes":""},"class_list":["post-25","page","type-page","status-publish"],"_links":{"self":[{"href":"https:\/\/jesusredentor.es\/index.php?rest_route=\/wp\/v2\/pages\/25","targetHints":{"allow":["GET"]}}],"collection":[{"href":"https:\/\/jesusredentor.es\/index.php?rest_route=\/wp\/v2\/pages"}],"about":[{"href":"https:\/\/jesusredentor.es\/index.php?rest_route=\/wp\/v2\/types\/page"}],"author":[{"embeddable":true,"href":"https:\/\/jesusredentor.es\/index.php?rest_route=\/wp\/v2\/users\/1"}],"replies":[{"embeddable":true,"href":"https:\/\/jesusredentor.es\/index.php?rest_route=%2Fwp%2Fv2%2Fcomments&post=25"}],"version-history":[{"count":4,"href":"https:\/\/jesusredentor.es\/index.php?rest_route=\/wp\/v2\/pages\/25\/revisions"}],"predecessor-version":[{"id":297,"href":"https:\/\/jesusredentor.es\/index.php?rest_route=\/wp\/v2\/pages\/25\/revisions\/297"}],"wp:attachment":[{"href":"https:\/\/jesusredentor.es\/index.php?rest_route=%2Fwp%2Fv2%2Fmedia&parent=25"}],"curies":[{"name":"wp","href":"https:\/\/api.w.org\/{rel}","templated":true}]}}