{"id":27,"date":"2024-07-01T23:26:39","date_gmt":"2024-07-01T21:26:39","guid":{"rendered":"https:\/\/jesusredentor.es\/?page_id=27"},"modified":"2025-03-23T21:56:49","modified_gmt":"2025-03-23T20:56:49","slug":"noticias","status":"publish","type":"page","link":"https:\/\/jesusredentor.es\/?page_id=27","title":{"rendered":"Noticias"},"content":{"rendered":"\r\n<p>MANUEL C. CACHAFEIRO<\/p>\r\n\r\n\r\n\r\n<p>11 DE ABRIL DE 2021, 3:32<\/p>\r\n\r\n\r\n\r\n<h1 class=\"wp-block-heading\">La obra desconocida que tiene Coomonte en el Bierzo<\/h1>\r\n\r\n\r\n\r\n<p>El conjunto interior de la iglesia de Jes\u00fas Redentor de Ponferrada es obra del escultor zamorano, reci\u00e9n elegido Premio de las Artes de Castilla y Le\u00f3n<\/p>\r\n\r\n\r\n\r\n<p>La iglesia de Jes\u00fas Redentor est\u00e1 en un paisaje de huertas, en Flores del Sil. Se levant\u00f3 cuando Ponferrada miraba a este popular barrio para crecer ante una MSP que copaba buena parte de los terrenos de la ciudad, desde la estaci\u00f3n de ferrocarril hasta Cuatrovientos, y la capital berciana era la ciudad viva y pujante de los a\u00f1os del D\u00f3lar. Construida en ladrillo cara vista a principios de los a\u00f1os 60 del siglo pasado, al templo se accede hoy por una explanada con olivos a los lados despu\u00e9s de llegar por un peque\u00f1o camino desde la avenida de la Martina, la calle Fabero.<\/p>\r\n\r\n\r\n\r\n<p>Es una iglesia humilde, de barrio, con puertas de hierro pintadas en blanco que pocos saben que alberga la obra m\u00e1s importante en el Bierzo del \u00faltimo Premio Castilla y Le\u00f3n de las Artes, Jos\u00e9 Luis Alonso Coomonte, que tambi\u00e9n trabaj\u00f3 en el hotel Temple.<\/p>\r\n\r\n\r\n\r\n<p>Recuerda su actual p\u00e1rroco, Jos\u00e9 Antonio Prada, que a Ponferrada lleg\u00f3 despu\u00e9s de ganar un importante premio internacional, que le dio fama. Su impronta de artista y herrero se ve nada m\u00e1s traspasar esa puerta blanca, en lo que antes era el baptisterio, con una imponente reja hecha a fuerza de fragua y martillo.<\/p>\r\n\r\n\r\n\r\n<p>El escultor Jos\u00e9 Luis Alonso Coomonte obtuvo el pasado mes de marzo el Premio Castilla y Le\u00f3n de las Artes, en su edici\u00f3n correspondiente a 2020, \u00aben reconocimiento a su larga y fruct\u00edfera trayectoria como escultor y a su vitalidad creativa plenamente enraizada en la naturaleza y la historia\u00bb, destac\u00f3 el jurado, que tambi\u00e9n quiso poner en valor \u00absu maestr\u00eda en el uso de los materiales, sobre todo el hierro aplicado a la rejer\u00eda, en una incesante b\u00fasqueda para darle forma y belleza\u00bb.<\/p>\r\n\r\n\r\n\r\n<p>Esa fuerza art\u00edstica que ahora ha reconocido un premio en el que figuran bercianos como Crist\u00f3bal Halffter, Jos\u00e9 S\u00e1nchez-Carralero o Amancio Prada, se ve no s\u00f3lo en la reja de entrada, donde antes estaba la pila bautismal, llevada al altar mayor despu\u00e9s del Concilio Vaticano II, recuerda Prada, sino en todo el conjunto que firma el artista de Benavente en el templo, que es mucho.<\/p>\r\n\r\n\r\n\r\n<p>Esa pila bautismal, que tiene abrazada una gran perola de Pereruela; el sagrario, las cruces de las 14 estaciones, otros dos Cristos que se conservan en la sacrist\u00eda, el Cirio Pascual, el incensiario, el propio altar\u2026 aunque lo que m\u00e1s impone es el Jes\u00fas Redentor que pende en lo m\u00e1s alto, esta vez esculpido en madera.<\/p>\r\n\r\n\r\n\r\n<p>\u00abCoomonte esculpe con fe y limpieza, sin regusto por lo grotesco y huyendo a la vez de la impresi\u00f3n dulzona\u00bb, se escribi\u00f3 en una revista de la \u00e9poca que se conserva en la iglesia. Y es que, como tambi\u00e9n se dice, su Jes\u00fas Redentor consigue imbuir a los que lo contemplan \u00abdel esp\u00edritu tr\u00e1gico y a la vez esperanzador que se ha de encontrar en la Cruz\u00bb. El Cristo, comenta Prada, es del mismo corte que el que hizo Coomonte para un V\u00eda Crucis en un pueblo cerca de Benavente.<\/p>\r\n\r\n\r\n\r\n<p>La iglesia de Jes\u00fas Redentor es parroquia desde el a\u00f1o 1964. Fue dise\u00f1ada por el arquitecto Jos\u00e9 Mart\u00ednez Mirones y ha sido testigo del devenir del propio barrio. Prada, que lleva como p\u00e1rroco de Jes\u00fas Redentor \u2014incluye tambi\u00e9n la capilla de La Placa\u2014 desde 1997, recuerda una an\u00e9cdota de su antecesor, Julio Bueno. Cuando le nombraron para el cargo, en una misa hab\u00eda 30 personas adultas y 60 ni\u00f1os de catequesis. \u00abLo que era Ponferrada entonces, la vitalidad que ten\u00eda\u00bb, comenta Prada. \u00abAhora yo s\u00f3lo tengo 5 ni\u00f1os\u00bb, se lamenta.<\/p>\r\n\r\n\r\n\r\n<p>\u00abPonferrada al final no se extendi\u00f3 hacia esta zona, sino para la Huertas del Sacramento, La Rosaleda\u2026 Por eso esta zona ha quedado as\u00ed\u00bb, concluye.\u00a0<\/p>\r\n\r\n\r\n<div class=\"wp-block-image\">\r\n<figure class=\"alignleft\"><img decoding=\"async\" class=\"wp-image-454\" src=\"https:\/\/jesusredentor.es\/wp-content\/uploads\/2023\/01\/2021041101321636427-300x197.jpg\" alt=\"\" \/><\/figure>\r\n<\/div>\r\n\r\n\r\n<figure class=\"wp-block-image\"><img decoding=\"async\" class=\"wp-image-455\" src=\"https:\/\/jesusredentor.es\/wp-content\/uploads\/2023\/01\/2021041101321638365-300x221.jpg\" alt=\"\" \/><\/figure>\r\n\r\n\r\n<div class=\"wp-block-image\">\r\n<figure class=\"alignleft\"><img decoding=\"async\" class=\"wp-image-456\" src=\"https:\/\/jesusredentor.es\/wp-content\/uploads\/2023\/01\/2021041101321631766-300x212.jpg\" alt=\"\" \/><\/figure>\r\n<\/div>\r\n\r\n<div class=\"wp-block-image\">\r\n<figure class=\"alignleft\"><img decoding=\"async\" class=\"wp-image-453\" src=\"https:\/\/jesusredentor.es\/wp-content\/uploads\/2023\/01\/2021041101321627411-300x213.jpg\" alt=\"\" \/><\/figure>\r\n<\/div>\r\n\r\n<div class=\"wp-block-image\">\r\n<figure class=\"alignleft\"><img decoding=\"async\" class=\"wp-image-457\" src=\"https:\/\/jesusredentor.es\/wp-content\/uploads\/2023\/01\/2021041101321634088-300x197.jpg\" alt=\"\" \/><\/figure>\r\n<\/div>\r\n\r\n\r\n<figure class=\"wp-block-image\"><img decoding=\"async\" class=\"wp-image-458\" src=\"https:\/\/jesusredentor.es\/wp-content\/uploads\/2023\/01\/2021041101321629550-300x197.jpg\" alt=\"\" \/><\/figure>\r\n\r\n<p><img loading=\"lazy\" decoding=\"async\" class=\"alignnone  wp-image-290\" src=\"http:\/\/jesusredentor.es\/wp-content\/uploads\/2025\/03\/2021041101321627411.jpg\" alt=\"\" width=\"632\" height=\"449\" \/> <img loading=\"lazy\" decoding=\"async\" class=\"alignnone size-medium wp-image-291\" src=\"http:\/\/jesusredentor.es\/wp-content\/uploads\/2025\/03\/2021041101321634088.jpg\" alt=\"\" width=\"300\" height=\"197\" \/> <img loading=\"lazy\" decoding=\"async\" class=\"alignnone size-medium wp-image-292\" src=\"http:\/\/jesusredentor.es\/wp-content\/uploads\/2025\/03\/2021041101321636427.jpg\" alt=\"\" width=\"300\" height=\"197\" \/> <img loading=\"lazy\" decoding=\"async\" class=\"alignnone size-medium wp-image-293\" src=\"http:\/\/jesusredentor.es\/wp-content\/uploads\/2025\/03\/2021041101321638365.jpg\" alt=\"\" width=\"300\" height=\"221\" \/><\/p>","protected":false},"excerpt":{"rendered":"<p>MANUEL C. CACHAFEIRO 11 DE ABRIL DE 2021, 3:32 La obra desconocida que tiene Coomonte en el Bierzo El conjunto interior de la iglesia de Jes\u00fas Redentor de Ponferrada es obra del escultor zamorano, reci\u00e9n elegido Premio de las Artes de Castilla y Le\u00f3n La iglesia de Jes\u00fas Redentor est\u00e1 en un paisaje de huertas, &#8230; <a title=\"Noticias\" class=\"read-more\" href=\"https:\/\/jesusredentor.es\/?page_id=27\">Read more<\/a><\/p>\n","protected":false},"author":1,"featured_media":0,"parent":0,"menu_order":0,"comment_status":"closed","ping_status":"closed","template":"","meta":{"footnotes":""},"class_list":["post-27","page","type-page","status-publish"],"_links":{"self":[{"href":"https:\/\/jesusredentor.es\/index.php?rest_route=\/wp\/v2\/pages\/27","targetHints":{"allow":["GET"]}}],"collection":[{"href":"https:\/\/jesusredentor.es\/index.php?rest_route=\/wp\/v2\/pages"}],"about":[{"href":"https:\/\/jesusredentor.es\/index.php?rest_route=\/wp\/v2\/types\/page"}],"author":[{"embeddable":true,"href":"https:\/\/jesusredentor.es\/index.php?rest_route=\/wp\/v2\/users\/1"}],"replies":[{"embeddable":true,"href":"https:\/\/jesusredentor.es\/index.php?rest_route=%2Fwp%2Fv2%2Fcomments&post=27"}],"version-history":[{"count":6,"href":"https:\/\/jesusredentor.es\/index.php?rest_route=\/wp\/v2\/pages\/27\/revisions"}],"predecessor-version":[{"id":295,"href":"https:\/\/jesusredentor.es\/index.php?rest_route=\/wp\/v2\/pages\/27\/revisions\/295"}],"wp:attachment":[{"href":"https:\/\/jesusredentor.es\/index.php?rest_route=%2Fwp%2Fv2%2Fmedia&parent=27"}],"curies":[{"name":"wp","href":"https:\/\/api.w.org\/{rel}","templated":true}]}}