{"id":31,"date":"2024-07-01T23:26:39","date_gmt":"2024-07-01T21:26:39","guid":{"rendered":"https:\/\/jesusredentor.es\/?page_id=31"},"modified":"2025-03-23T22:02:18","modified_gmt":"2025-03-23T21:02:18","slug":"artistas","status":"publish","type":"page","link":"https:\/\/jesusredentor.es\/?page_id=31","title":{"rendered":"Artistas"},"content":{"rendered":"\r\n<h4 class=\"wp-block-heading\">JOS\u00c9 LUIS COOMONTE<\/h4>\r\n\r\n\r\n\r\n<p>Benavente (Zamora), 1932.<\/p>\r\n\r\n\r\n\r\n<p>Escultor espa\u00f1ol.<\/p>\r\n\r\n\r\n\r\n<p>Se traslada a Madrid para estudiar en la Academia de Bellas Artes de San Fernando de 1950 a 1954. Tras conseguir una beca de ampliaci\u00f3n de estudios de escultura en Coca (Segovia) se marcha a Par\u00eds. A su regreso a Madrid realiza trabajos de escultura y artes aplicadas hasta 1958. Regresa a Benavente, donde instala su estudio y ejerce la labor docente en el campo del dibujo. En 1959 expone en el Museo Provincial de Zamora y un a\u00f1o despu\u00e9s obtiene la Medalla de Oro en Escultura en la Bienal de Arte Sacro que se celebra en Salzburgo. En 1962 de nuevo se instala en Madrid, ejerce como profesor en el Instituto Laboral de Atocha y funda el Gremio 62 junto a Carlos Mu\u00f1oz de Pablos y Francisco Arg\u00fcello. El hierro, hormig\u00f3n, madera y piedra predominan en su producci\u00f3n que muchas veces se realiza en funci\u00f3n de la arquitectura, asociada a centros oficiales e iglesias. Su obra es esencialmente figurativa, siendo uno de los artistas contempor\u00e1neos que m\u00e1s encargos religiosos ha realizado (rejas, objetos de culto, vidrieras\u2026). Presenta una evoluci\u00f3n encaminada a la estilizaci\u00f3n y depuraci\u00f3n formal que dota a sus obras de gran sobriedad. En sus \u00faltimas creaciones incorpora diversos objetos, creando una especie de collages tridimensionales.<\/p>\r\n\r\n\r\n\r\n<figure class=\"wp-block-image\"><img decoding=\"async\" class=\"wp-image-137\" src=\"https:\/\/jesusredentor.es\/wp-content\/uploads\/2021\/03\/bc812d6a-087b-4b6b-902c-a4f64b16db35_16-9-aspect-ratio_default_0-300x169.jpg\" alt=\"\" \/><\/figure>\r\n\r\n<p><img loading=\"lazy\" decoding=\"async\" class=\"alignnone  wp-image-307\" src=\"http:\/\/jesusredentor.es\/wp-content\/uploads\/2025\/03\/bc812d6a-087b-4b6b-902c-a4f64b16db35_16-9-aspect-ratio_default_0.jpg\" alt=\"\" width=\"702\" height=\"395\" \/><\/p>","protected":false},"excerpt":{"rendered":"<p>JOS\u00c9 LUIS COOMONTE Benavente (Zamora), 1932. Escultor espa\u00f1ol. Se traslada a Madrid para estudiar en la Academia de Bellas Artes de San Fernando de 1950 a 1954. Tras conseguir una beca de ampliaci\u00f3n de estudios de escultura en Coca (Segovia) se marcha a Par\u00eds. A su regreso a Madrid realiza trabajos de escultura y artes &#8230; <a title=\"Artistas\" class=\"read-more\" href=\"https:\/\/jesusredentor.es\/?page_id=31\">Read more<\/a><\/p>\n","protected":false},"author":1,"featured_media":0,"parent":0,"menu_order":0,"comment_status":"closed","ping_status":"closed","template":"","meta":{"footnotes":""},"class_list":["post-31","page","type-page","status-publish"],"_links":{"self":[{"href":"https:\/\/jesusredentor.es\/index.php?rest_route=\/wp\/v2\/pages\/31","targetHints":{"allow":["GET"]}}],"collection":[{"href":"https:\/\/jesusredentor.es\/index.php?rest_route=\/wp\/v2\/pages"}],"about":[{"href":"https:\/\/jesusredentor.es\/index.php?rest_route=\/wp\/v2\/types\/page"}],"author":[{"embeddable":true,"href":"https:\/\/jesusredentor.es\/index.php?rest_route=\/wp\/v2\/users\/1"}],"replies":[{"embeddable":true,"href":"https:\/\/jesusredentor.es\/index.php?rest_route=%2Fwp%2Fv2%2Fcomments&post=31"}],"version-history":[{"count":5,"href":"https:\/\/jesusredentor.es\/index.php?rest_route=\/wp\/v2\/pages\/31\/revisions"}],"predecessor-version":[{"id":309,"href":"https:\/\/jesusredentor.es\/index.php?rest_route=\/wp\/v2\/pages\/31\/revisions\/309"}],"wp:attachment":[{"href":"https:\/\/jesusredentor.es\/index.php?rest_route=%2Fwp%2Fv2%2Fmedia&parent=31"}],"curies":[{"name":"wp","href":"https:\/\/api.w.org\/{rel}","templated":true}]}}